{"id":42720,"date":"2022-06-09T16:50:28","date_gmt":"2022-06-09T14:50:28","guid":{"rendered":"https:\/\/dev.lovetoliveibiza.com\/team\/"},"modified":"2025-11-07T15:23:37","modified_gmt":"2025-11-07T14:23:37","slug":"team","status":"publish","type":"page","link":"https:\/\/www.lovetoliveibiza.com\/es\/team\/","title":{"rendered":"Team"},"content":{"rendered":"\t\t<div data-elementor-type=\"wp-page\" data-elementor-id=\"42720\" class=\"elementor elementor-42720 elementor-8195\" data-elementor-post-type=\"page\">\n\t\t\t\t\t\t<section class=\"elementor-section elementor-top-section elementor-element elementor-element-1ed326e elementor-section-height-full elementor-section-boxed elementor-section-height-default elementor-section-items-middle\" data-id=\"1ed326e\" data-element_type=\"section\" data-e-type=\"section\" data-settings=\"{&quot;background_background&quot;:&quot;slideshow&quot;,&quot;background_slideshow_gallery&quot;:[{&quot;id&quot;:114623,&quot;url&quot;:&quot;https:\\\/\\\/www.lovetoliveibiza.com\\\/wp-content\\\/uploads\\\/2025\\\/11\\\/foto_6-3.jpg&quot;}],&quot;background_slideshow_loop&quot;:&quot;yes&quot;,&quot;background_slideshow_slide_duration&quot;:5000,&quot;background_slideshow_slide_transition&quot;:&quot;fade&quot;,&quot;background_slideshow_transition_duration&quot;:500}\">\n\t\t\t\t\t\t\t<div class=\"elementor-background-overlay\"><\/div>\n\t\t\t\t\t\t\t<div class=\"elementor-container elementor-column-gap-default\">\n\t\t\t\t\t<div class=\"elementor-column elementor-col-100 elementor-top-column elementor-element elementor-element-b3587ad\" data-id=\"b3587ad\" data-element_type=\"column\" data-e-type=\"column\">\n\t\t\t<div class=\"elementor-widget-wrap elementor-element-populated\">\n\t\t\t\t\t\t<div class=\"elementor-element elementor-element-613c179 elementor-widget elementor-widget-heading\" data-id=\"613c179\" data-element_type=\"widget\" data-e-type=\"widget\" data-widget_type=\"heading.default\">\n\t\t\t\t<div class=\"elementor-widget-container\">\n\t\t\t\t\t<h1 class=\"elementor-heading-title elementor-size-default\">Us<\/h1>\t\t\t\t<\/div>\n\t\t\t\t<\/div>\n\t\t\t\t<div class=\"elementor-element elementor-element-4b26f61 elementor-widget-divider--view-line elementor-widget elementor-widget-divider\" data-id=\"4b26f61\" data-element_type=\"widget\" data-e-type=\"widget\" data-widget_type=\"divider.default\">\n\t\t\t\t<div class=\"elementor-widget-container\">\n\t\t\t\t\t\t\t<div class=\"elementor-divider\">\n\t\t\t<span class=\"elementor-divider-separator\">\n\t\t\t\t\t\t<\/span>\n\t\t<\/div>\n\t\t\t\t\t\t<\/div>\n\t\t\t\t<\/div>\n\t\t\t\t<div class=\"elementor-element elementor-element-060602e elementor-widget elementor-widget-text-editor\" data-id=\"060602e\" data-element_type=\"widget\" data-e-type=\"widget\" data-widget_type=\"text-editor.default\">\n\t\t\t\t<div class=\"elementor-widget-container\">\n\t\t\t\t\t\t\t\t\t<p>Love to Live Ibiza (antes Real Estate IBZ) naci\u00f3 hace m\u00e1s de diez a\u00f1os de un profundo amor por la isla de Ibiza y de la pasi\u00f3n por el sector inmobiliario. En nuestra agencia garantizamos un apoyo total a lo largo de todo el proceso de compra y venta, proporcionando un servicio completo de 360\u00ba sin estr\u00e9s a nuestros clientes. <\/p>\n\t\t\t\t\t\t\t\t<\/div>\n\t\t\t\t<\/div>\n\t\t\t\t\t<\/div>\n\t\t<\/div>\n\t\t\t\t\t<\/div>\n\t\t<\/section>\n\t\t\t\t<section class=\"elementor-section elementor-top-section elementor-element elementor-element-6d3f88d elementor-section-full_width elementor-section-height-default elementor-section-height-default\" data-id=\"6d3f88d\" data-element_type=\"section\" data-e-type=\"section\">\n\t\t\t\t\t\t<div class=\"elementor-container elementor-column-gap-default\">\n\t\t\t\t\t<div class=\"elementor-column elementor-col-100 elementor-top-column elementor-element elementor-element-1a7244e\" data-id=\"1a7244e\" data-element_type=\"column\" data-e-type=\"column\">\n\t\t\t<div class=\"elementor-widget-wrap elementor-element-populated\">\n\t\t\t\t\t\t<div class=\"elementor-element elementor-element-d382593 elementor-widget elementor-widget-ere-agents-widget-2\" data-id=\"d382593\" data-element_type=\"widget\" data-e-type=\"widget\" data-widget_type=\"ere-agents-widget-2.default\">\n\t\t\t\t<div class=\"elementor-widget-container\">\n\t\t\t\t\t            <div class=\"rhea_wrapper_agents_two\">\n\n                <div class=\"rhea_section__agents_two rhea_col_3\">\n\t\t\t\t\t\n<article class=\"rhea_agent_two\">\n    <div class=\"rhea_agent_two_wrap\">\n\t\t            <div class=\"rhea_agent_two_thumbnail\">\n                <a href=\"https:\/\/www.lovetoliveibiza.com\/agente\/daniela-latronico\/\">\n\t\t\t\t\t<img decoding=\"async\" width=\"210\" height=\"210\" src=\"https:\/\/www.lovetoliveibiza.com\/wp-content\/uploads\/2020\/05\/daniela-latronico-210x210-1.jpg\" class=\"attachment-agent-image size-agent-image wp-post-image\" alt=\"\" srcset=\"https:\/\/www.lovetoliveibiza.com\/wp-content\/uploads\/2020\/05\/daniela-latronico-210x210-1.jpg 210w, https:\/\/www.lovetoliveibiza.com\/wp-content\/uploads\/2020\/05\/daniela-latronico-210x210-1-150x150.jpg 150w, https:\/\/www.lovetoliveibiza.com\/wp-content\/uploads\/2020\/05\/daniela-latronico-210x210-1-100x100.jpg 100w\" sizes=\"(max-width: 210px) 100vw, 210px\" \/>                <\/a>\n            <\/div>\n\t\t\t        <div class=\"rhea_agent_two_details\">\n\t\t\t                <h3 class=\"rhea_agent_two_title\">\n\t\t\t\t\t<a href=\"https:\/\/www.lovetoliveibiza.com\/agente\/daniela-latronico\/\">Daniela Latronico<\/a> \n\t\t\t\t\t                <\/h3>\n\t\t\t                <span class=\"rhea_agent_designation\">Director General y Fundador<\/span>\n\t\t\t\t<p class=\"rhea_agent_two_excerpt\">Hi, I\u2019m Daniela Latronico, founder &amp; CEO of Love to Live Ibiza (former Real Estate&hellip;<\/p>                <div class=\"rhea_agent_two_meta email\">\n                    <i class=\"fas fa-envelope\"><\/i>&nbsp;\n                    <a href=\"mailto:&#100;&#097;n&#105;&#101;&#108;a&#064;lov&#101;toliv&#101;&#105;bi&#122;a.com\">\n\t\t\t\t\t\td&#097;&#110;iel&#097;&#064;l&#111;&#118;&#101;toliv&#101;ibi&#122;&#097;&#046;&#099;o&#109;                    <\/a>\n                <\/div>\n\t\t\t\t        <\/div>\n        <!-- ending .rhea_agent_two_details div -->\n    <\/div>\n    <!-- ending .rhea_agent_two_wrap div -->\n<\/article>\n<!-- ending .rhea_agent_two article -->\n<article class=\"rhea_agent_two\">\n    <div class=\"rhea_agent_two_wrap\">\n\t\t            <div class=\"rhea_agent_two_thumbnail\">\n                <a href=\"https:\/\/www.lovetoliveibiza.com\/agente\/natalia-gimenez\/\">\n\t\t\t\t\t<img decoding=\"async\" width=\"210\" height=\"210\" src=\"https:\/\/www.lovetoliveibiza.com\/wp-content\/uploads\/2020\/05\/natalia-210x210-1.jpg\" class=\"attachment-agent-image size-agent-image wp-post-image\" alt=\"\" srcset=\"https:\/\/www.lovetoliveibiza.com\/wp-content\/uploads\/2020\/05\/natalia-210x210-1.jpg 210w, https:\/\/www.lovetoliveibiza.com\/wp-content\/uploads\/2020\/05\/natalia-210x210-1-150x150.jpg 150w, https:\/\/www.lovetoliveibiza.com\/wp-content\/uploads\/2020\/05\/natalia-210x210-1-100x100.jpg 100w\" sizes=\"(max-width: 210px) 100vw, 210px\" \/>                <\/a>\n            <\/div>\n\t\t\t        <div class=\"rhea_agent_two_details\">\n\t\t\t                <h3 class=\"rhea_agent_two_title\">\n\t\t\t\t\t<a href=\"https:\/\/www.lovetoliveibiza.com\/agente\/natalia-gimenez\/\">Natalia Gim\u00e9nez<\/a> \n\t\t\t\t\t                <\/h3>\n\t\t\t                <span class=\"rhea_agent_designation\">Director de ventas<\/span>\n\t\t\t\t<p class=\"rhea_agent_two_excerpt\">Hello there! I\u2019m Natalia Gim\u00e9nez and I am the Sales Manager in Love to Live&hellip;<\/p>                <div class=\"rhea_agent_two_meta number mobile\">\n                    <i class=\"fas fa-mobile-alt\"><\/i>&nbsp;\n                    <a href=\"tel:+34 673 599 355\">\n\t\t\t\t\t\t+34 673 599 355                    <\/a>\n                <\/div>\n\t\t\t\t                <div class=\"rhea_agent_two_meta email\">\n                    <i class=\"fas fa-envelope\"><\/i>&nbsp;\n                    <a href=\"mailto:&#110;&#097;t&#097;li&#097;&#064;&#108;ov&#101;to&#108;&#105;vei&#098;&#105;&#122;a&#046;com\">\n\t\t\t\t\t\tnat&#097;l&#105;a&#064;l&#111;&#118;eto&#108;&#105;&#118;eib&#105;za.&#099;&#111;&#109;                    <\/a>\n                <\/div>\n\t\t\t\t        <\/div>\n        <!-- ending .rhea_agent_two_details div -->\n    <\/div>\n    <!-- ending .rhea_agent_two_wrap div -->\n<\/article>\n<!-- ending .rhea_agent_two article -->\n<article class=\"rhea_agent_two\">\n    <div class=\"rhea_agent_two_wrap\">\n\t\t            <div class=\"rhea_agent_two_thumbnail\">\n                <a href=\"https:\/\/www.lovetoliveibiza.com\/agente\/valentina-parigiani\/\">\n\t\t\t\t\t<img decoding=\"async\" width=\"210\" height=\"210\" src=\"https:\/\/www.lovetoliveibiza.com\/wp-content\/uploads\/2020\/05\/valentina-210x210-1.jpg\" class=\"attachment-agent-image size-agent-image wp-post-image\" alt=\"\" srcset=\"https:\/\/www.lovetoliveibiza.com\/wp-content\/uploads\/2020\/05\/valentina-210x210-1.jpg 210w, https:\/\/www.lovetoliveibiza.com\/wp-content\/uploads\/2020\/05\/valentina-210x210-1-150x150.jpg 150w, https:\/\/www.lovetoliveibiza.com\/wp-content\/uploads\/2020\/05\/valentina-210x210-1-100x100.jpg 100w\" sizes=\"(max-width: 210px) 100vw, 210px\" \/>                <\/a>\n            <\/div>\n\t\t\t        <div class=\"rhea_agent_two_details\">\n\t\t\t                <h3 class=\"rhea_agent_two_title\">\n\t\t\t\t\t<a href=\"https:\/\/www.lovetoliveibiza.com\/agente\/valentina-parigiani\/\">Valentina Parigiani<\/a> \n\t\t\t\t\t                <\/h3>\n\t\t\t                <span class=\"rhea_agent_designation\">Agente de ventas<\/span>\n\t\t\t\t<p class=\"rhea_agent_two_excerpt\">Hello! My name is Valentina Parigiani and I am a Real Estate consultant in Love&hellip;<\/p>                <div class=\"rhea_agent_two_meta number mobile\">\n                    <i class=\"fas fa-mobile-alt\"><\/i>&nbsp;\n                    <a href=\"tel:+34 630 12 24 66\">\n\t\t\t\t\t\t+34 630 12 24 66                    <\/a>\n                <\/div>\n\t\t\t\t                <div class=\"rhea_agent_two_meta email\">\n                    <i class=\"fas fa-envelope\"><\/i>&nbsp;\n                    <a href=\"mailto:&#118;a&#108;&#101;&#110;tin&#097;&#064;lo&#118;&#101;&#116;o&#108;iv&#101;ib&#105;&#122;&#097;.&#099;&#111;&#109;\">\n\t\t\t\t\t\tva&#108;en&#116;&#105;&#110;&#097;&#064;l&#111;ve&#116;o&#108;i&#118;eib&#105;&#122;a.c&#111;m                    <\/a>\n                <\/div>\n\t\t\t\t        <\/div>\n        <!-- ending .rhea_agent_two_details div -->\n    <\/div>\n    <!-- ending .rhea_agent_two_wrap div -->\n<\/article>\n<!-- ending .rhea_agent_two article -->                <\/div>\n\n            <\/div>\n\t\t\t\t\t\t\t<\/div>\n\t\t\t\t<\/div>\n\t\t\t\t\t<\/div>\n\t\t<\/div>\n\t\t\t\t\t<\/div>\n\t\t<\/section>\n\t\t\t\t<\/div>\n\t\t","protected":false},"excerpt":{"rendered":"<p>Us Love to Live Ibiza (antes Real Estate IBZ) naci\u00f3 hace m\u00e1s de diez a\u00f1os de un profundo amor por la isla de Ibiza y de la pasi\u00f3n por el sector inmobiliario. En nuestra agencia garantizamos un apoyo total a lo largo de todo el proceso de compra y venta, proporcionando un servicio completo de&#8230;<\/p>\n","protected":false},"author":3,"featured_media":0,"parent":0,"menu_order":0,"comment_status":"closed","ping_status":"closed","template":"elementor_header_footer","meta":{"_eb_attr":"","om_disable_all_campaigns":false,"_monsterinsights_skip_tracking":false,"_monsterinsights_sitenote_active":false,"_monsterinsights_sitenote_note":"","_monsterinsights_sitenote_category":0,"_uf_show_specific_survey":0,"_uf_disable_surveys":false,"footnotes":""},"class_list":["post-42720","page","type-page","status-publish","hentry"],"yoast_head":"<!-- This site is optimized with the Yoast SEO plugin v27.5 - https:\/\/yoast.com\/product\/yoast-seo-wordpress\/ -->\n<title>Team - Love to Live Ibiza<\/title>\n<meta name=\"description\" content=\"Love to Live Ibiza (antes Real Estate IBZ) naci\u00f3 hace m\u00e1s de diez a\u00f1os de un profundo amor por la isla de Ibiza y de la pasi\u00f3n por el sector inmobiliario. En nuestra agencia garantizamos un apoyo total a lo largo de todo el proceso de compra y venta, proporcionando un servicio completo de 360\u00ba sin estr\u00e9s a nuestros clientes.\" \/>\n<meta name=\"robots\" content=\"index, follow, max-snippet:-1, max-image-preview:large, max-video-preview:-1\" \/>\n<link rel=\"canonical\" href=\"https:\/\/www.lovetoliveibiza.com\/es\/team\/\" \/>\n<meta property=\"og:locale\" content=\"es_ES\" \/>\n<meta property=\"og:type\" content=\"article\" \/>\n<meta property=\"og:title\" content=\"Team - Love to Live Ibiza\" \/>\n<meta property=\"og:description\" content=\"Love to Live Ibiza (antes Real Estate IBZ) naci\u00f3 hace m\u00e1s de diez a\u00f1os de un profundo amor por la isla de Ibiza y de la pasi\u00f3n por el sector inmobiliario. En nuestra agencia garantizamos un apoyo total a lo largo de todo el proceso de compra y venta, proporcionando un servicio completo de 360\u00ba sin estr\u00e9s a nuestros clientes.\" \/>\n<meta property=\"og:url\" content=\"https:\/\/www.lovetoliveibiza.com\/es\/team\/\" \/>\n<meta property=\"og:site_name\" content=\"Love to Live Ibiza\" \/>\n<meta property=\"article:publisher\" content=\"https:\/\/www.facebook.com\/lovetoliveibiza\" \/>\n<meta property=\"article:modified_time\" content=\"2025-11-07T14:23:37+00:00\" \/>\n<meta property=\"og:image\" content=\"https:\/\/www.lovetoliveibiza.com\/wp-content\/uploads\/2020\/05\/daniela-latronico-210x210-1.jpg\" \/>\n<meta name=\"twitter:card\" content=\"summary_large_image\" \/>\n<meta name=\"twitter:label1\" content=\"Tiempo de lectura\" \/>\n\t<meta name=\"twitter:data1\" content=\"2 minutos\" \/>\n<script type=\"application\/ld+json\" class=\"yoast-schema-graph\">{\"@context\":\"https:\\\/\\\/schema.org\",\"@graph\":[{\"@type\":\"WebPage\",\"@id\":\"https:\\\/\\\/www.lovetoliveibiza.com\\\/es\\\/team\\\/\",\"url\":\"https:\\\/\\\/www.lovetoliveibiza.com\\\/es\\\/team\\\/\",\"name\":\"Team - Love to Live Ibiza\",\"isPartOf\":{\"@id\":\"https:\\\/\\\/dev.lovetoliveibiza.com\\\/es\\\/#website\"},\"primaryImageOfPage\":{\"@id\":\"https:\\\/\\\/www.lovetoliveibiza.com\\\/es\\\/team\\\/#primaryimage\"},\"image\":{\"@id\":\"https:\\\/\\\/www.lovetoliveibiza.com\\\/es\\\/team\\\/#primaryimage\"},\"thumbnailUrl\":\"https:\\\/\\\/www.lovetoliveibiza.com\\\/wp-content\\\/uploads\\\/2020\\\/05\\\/daniela-latronico-210x210-1.jpg\",\"datePublished\":\"2022-06-09T14:50:28+00:00\",\"dateModified\":\"2025-11-07T14:23:37+00:00\",\"description\":\"Love to Live Ibiza (antes Real Estate IBZ) naci\u00f3 hace m\u00e1s de diez a\u00f1os de un profundo amor por la isla de Ibiza y de la pasi\u00f3n por el sector inmobiliario. En nuestra agencia garantizamos un apoyo total a lo largo de todo el proceso de compra y venta, proporcionando un servicio completo de 360\u00ba sin estr\u00e9s a nuestros clientes.\",\"breadcrumb\":{\"@id\":\"https:\\\/\\\/www.lovetoliveibiza.com\\\/es\\\/team\\\/#breadcrumb\"},\"inLanguage\":\"es\",\"potentialAction\":[{\"@type\":\"ReadAction\",\"target\":[\"https:\\\/\\\/www.lovetoliveibiza.com\\\/es\\\/team\\\/\"]}]},{\"@type\":\"ImageObject\",\"inLanguage\":\"es\",\"@id\":\"https:\\\/\\\/www.lovetoliveibiza.com\\\/es\\\/team\\\/#primaryimage\",\"url\":\"https:\\\/\\\/www.lovetoliveibiza.com\\\/wp-content\\\/uploads\\\/2020\\\/05\\\/daniela-latronico-210x210-1.jpg\",\"contentUrl\":\"https:\\\/\\\/www.lovetoliveibiza.com\\\/wp-content\\\/uploads\\\/2020\\\/05\\\/daniela-latronico-210x210-1.jpg\"},{\"@type\":\"BreadcrumbList\",\"@id\":\"https:\\\/\\\/www.lovetoliveibiza.com\\\/es\\\/team\\\/#breadcrumb\",\"itemListElement\":[{\"@type\":\"ListItem\",\"position\":1,\"name\":\"Home\",\"item\":\"https:\\\/\\\/www.lovetoliveibiza.com\\\/es\\\/homepage\\\/\"},{\"@type\":\"ListItem\",\"position\":2,\"name\":\"Team\"}]},{\"@type\":\"WebSite\",\"@id\":\"https:\\\/\\\/dev.lovetoliveibiza.com\\\/es\\\/#website\",\"url\":\"https:\\\/\\\/dev.lovetoliveibiza.com\\\/es\\\/\",\"name\":\"Love to Live Ibiza\",\"description\":\"Live your home. Love your living.\",\"publisher\":{\"@id\":\"https:\\\/\\\/dev.lovetoliveibiza.com\\\/es\\\/#organization\"},\"potentialAction\":[{\"@type\":\"SearchAction\",\"target\":{\"@type\":\"EntryPoint\",\"urlTemplate\":\"https:\\\/\\\/dev.lovetoliveibiza.com\\\/es\\\/?s={search_term_string}\"},\"query-input\":{\"@type\":\"PropertyValueSpecification\",\"valueRequired\":true,\"valueName\":\"search_term_string\"}}],\"inLanguage\":\"es\"},{\"@type\":\"Organization\",\"@id\":\"https:\\\/\\\/dev.lovetoliveibiza.com\\\/es\\\/#organization\",\"name\":\"Love to Live Ibiza\",\"url\":\"https:\\\/\\\/dev.lovetoliveibiza.com\\\/es\\\/\",\"logo\":{\"@type\":\"ImageObject\",\"inLanguage\":\"es\",\"@id\":\"https:\\\/\\\/dev.lovetoliveibiza.com\\\/es\\\/#\\\/schema\\\/logo\\\/image\\\/\",\"url\":\"https:\\\/\\\/www.lovetoliveibiza.com\\\/wp-content\\\/uploads\\\/2025\\\/02\\\/logo-lovetoliveibz-txt-bianco-400px-300x106-1.png\",\"contentUrl\":\"https:\\\/\\\/www.lovetoliveibiza.com\\\/wp-content\\\/uploads\\\/2025\\\/02\\\/logo-lovetoliveibz-txt-bianco-400px-300x106-1.png\",\"width\":300,\"height\":106,\"caption\":\"Love to Live Ibiza\"},\"image\":{\"@id\":\"https:\\\/\\\/dev.lovetoliveibiza.com\\\/es\\\/#\\\/schema\\\/logo\\\/image\\\/\"},\"sameAs\":[\"https:\\\/\\\/www.facebook.com\\\/lovetoliveibiza\",\"https:\\\/\\\/www.instagram.com\\\/lovetoliveibiza\\\/\"]}]}<\/script>\n<!-- \/ Yoast SEO plugin. -->","yoast_head_json":{"title":"Team - Love to Live Ibiza","description":"Love to Live Ibiza (antes Real Estate IBZ) naci\u00f3 hace m\u00e1s de diez a\u00f1os de un profundo amor por la isla de Ibiza y de la pasi\u00f3n por el sector inmobiliario. En nuestra agencia garantizamos un apoyo total a lo largo de todo el proceso de compra y venta, proporcionando un servicio completo de 360\u00ba sin estr\u00e9s a nuestros clientes.","robots":{"index":"index","follow":"follow","max-snippet":"max-snippet:-1","max-image-preview":"max-image-preview:large","max-video-preview":"max-video-preview:-1"},"canonical":"https:\/\/www.lovetoliveibiza.com\/es\/team\/","og_locale":"es_ES","og_type":"article","og_title":"Team - Love to Live Ibiza","og_description":"Love to Live Ibiza (antes Real Estate IBZ) naci\u00f3 hace m\u00e1s de diez a\u00f1os de un profundo amor por la isla de Ibiza y de la pasi\u00f3n por el sector inmobiliario. En nuestra agencia garantizamos un apoyo total a lo largo de todo el proceso de compra y venta, proporcionando un servicio completo de 360\u00ba sin estr\u00e9s a nuestros clientes.","og_url":"https:\/\/www.lovetoliveibiza.com\/es\/team\/","og_site_name":"Love to Live Ibiza","article_publisher":"https:\/\/www.facebook.com\/lovetoliveibiza","article_modified_time":"2025-11-07T14:23:37+00:00","og_image":[{"url":"https:\/\/www.lovetoliveibiza.com\/wp-content\/uploads\/2020\/05\/daniela-latronico-210x210-1.jpg","type":"","width":"","height":""}],"twitter_card":"summary_large_image","twitter_misc":{"Tiempo de lectura":"2 minutos"},"schema":{"@context":"https:\/\/schema.org","@graph":[{"@type":"WebPage","@id":"https:\/\/www.lovetoliveibiza.com\/es\/team\/","url":"https:\/\/www.lovetoliveibiza.com\/es\/team\/","name":"Team - Love to Live Ibiza","isPartOf":{"@id":"https:\/\/dev.lovetoliveibiza.com\/es\/#website"},"primaryImageOfPage":{"@id":"https:\/\/www.lovetoliveibiza.com\/es\/team\/#primaryimage"},"image":{"@id":"https:\/\/www.lovetoliveibiza.com\/es\/team\/#primaryimage"},"thumbnailUrl":"https:\/\/www.lovetoliveibiza.com\/wp-content\/uploads\/2020\/05\/daniela-latronico-210x210-1.jpg","datePublished":"2022-06-09T14:50:28+00:00","dateModified":"2025-11-07T14:23:37+00:00","description":"Love to Live Ibiza (antes Real Estate IBZ) naci\u00f3 hace m\u00e1s de diez a\u00f1os de un profundo amor por la isla de Ibiza y de la pasi\u00f3n por el sector inmobiliario. En nuestra agencia garantizamos un apoyo total a lo largo de todo el proceso de compra y venta, proporcionando un servicio completo de 360\u00ba sin estr\u00e9s a nuestros clientes.","breadcrumb":{"@id":"https:\/\/www.lovetoliveibiza.com\/es\/team\/#breadcrumb"},"inLanguage":"es","potentialAction":[{"@type":"ReadAction","target":["https:\/\/www.lovetoliveibiza.com\/es\/team\/"]}]},{"@type":"ImageObject","inLanguage":"es","@id":"https:\/\/www.lovetoliveibiza.com\/es\/team\/#primaryimage","url":"https:\/\/www.lovetoliveibiza.com\/wp-content\/uploads\/2020\/05\/daniela-latronico-210x210-1.jpg","contentUrl":"https:\/\/www.lovetoliveibiza.com\/wp-content\/uploads\/2020\/05\/daniela-latronico-210x210-1.jpg"},{"@type":"BreadcrumbList","@id":"https:\/\/www.lovetoliveibiza.com\/es\/team\/#breadcrumb","itemListElement":[{"@type":"ListItem","position":1,"name":"Home","item":"https:\/\/www.lovetoliveibiza.com\/es\/homepage\/"},{"@type":"ListItem","position":2,"name":"Team"}]},{"@type":"WebSite","@id":"https:\/\/dev.lovetoliveibiza.com\/es\/#website","url":"https:\/\/dev.lovetoliveibiza.com\/es\/","name":"Love to Live Ibiza","description":"Live your home. Love your living.","publisher":{"@id":"https:\/\/dev.lovetoliveibiza.com\/es\/#organization"},"potentialAction":[{"@type":"SearchAction","target":{"@type":"EntryPoint","urlTemplate":"https:\/\/dev.lovetoliveibiza.com\/es\/?s={search_term_string}"},"query-input":{"@type":"PropertyValueSpecification","valueRequired":true,"valueName":"search_term_string"}}],"inLanguage":"es"},{"@type":"Organization","@id":"https:\/\/dev.lovetoliveibiza.com\/es\/#organization","name":"Love to Live Ibiza","url":"https:\/\/dev.lovetoliveibiza.com\/es\/","logo":{"@type":"ImageObject","inLanguage":"es","@id":"https:\/\/dev.lovetoliveibiza.com\/es\/#\/schema\/logo\/image\/","url":"https:\/\/www.lovetoliveibiza.com\/wp-content\/uploads\/2025\/02\/logo-lovetoliveibz-txt-bianco-400px-300x106-1.png","contentUrl":"https:\/\/www.lovetoliveibiza.com\/wp-content\/uploads\/2025\/02\/logo-lovetoliveibz-txt-bianco-400px-300x106-1.png","width":300,"height":106,"caption":"Love to Live Ibiza"},"image":{"@id":"https:\/\/dev.lovetoliveibiza.com\/es\/#\/schema\/logo\/image\/"},"sameAs":["https:\/\/www.facebook.com\/lovetoliveibiza","https:\/\/www.instagram.com\/lovetoliveibiza\/"]}]}},"_links":{"self":[{"href":"https:\/\/www.lovetoliveibiza.com\/es\/wp-json\/wp\/v2\/pages\/42720","targetHints":{"allow":["GET"]}}],"collection":[{"href":"https:\/\/www.lovetoliveibiza.com\/es\/wp-json\/wp\/v2\/pages"}],"about":[{"href":"https:\/\/www.lovetoliveibiza.com\/es\/wp-json\/wp\/v2\/types\/page"}],"author":[{"embeddable":true,"href":"https:\/\/www.lovetoliveibiza.com\/es\/wp-json\/wp\/v2\/users\/3"}],"replies":[{"embeddable":true,"href":"https:\/\/www.lovetoliveibiza.com\/es\/wp-json\/wp\/v2\/comments?post=42720"}],"version-history":[{"count":10,"href":"https:\/\/www.lovetoliveibiza.com\/es\/wp-json\/wp\/v2\/pages\/42720\/revisions"}],"predecessor-version":[{"id":114626,"href":"https:\/\/www.lovetoliveibiza.com\/es\/wp-json\/wp\/v2\/pages\/42720\/revisions\/114626"}],"wp:attachment":[{"href":"https:\/\/www.lovetoliveibiza.com\/es\/wp-json\/wp\/v2\/media?parent=42720"}],"curies":[{"name":"wp","href":"https:\/\/api.w.org\/{rel}","templated":true}]}}