{"id":42742,"date":"2022-10-26T16:34:32","date_gmt":"2022-10-26T14:34:32","guid":{"rendered":"https:\/\/dev.lovetoliveibiza.com\/love-to-sell\/"},"modified":"2025-12-03T14:38:57","modified_gmt":"2025-12-03T13:38:57","slug":"love-to-sell","status":"publish","type":"page","link":"https:\/\/www.lovetoliveibiza.com\/es\/love-to-sell\/","title":{"rendered":"Love to Sell"},"content":{"rendered":"\t\t<div data-elementor-type=\"wp-page\" data-elementor-id=\"42742\" class=\"elementor elementor-42742 elementor-14273\" data-elementor-post-type=\"page\">\n\t\t\t\t\t\t<section class=\"elementor-section elementor-top-section elementor-element elementor-element-1ed326e elementor-section-height-full elementor-section-boxed elementor-section-height-default elementor-section-items-middle\" data-id=\"1ed326e\" data-element_type=\"section\" data-e-type=\"section\" data-settings=\"{&quot;background_background&quot;:&quot;slideshow&quot;,&quot;background_slideshow_gallery&quot;:[{&quot;id&quot;:98315,&quot;url&quot;:&quot;https:\\\/\\\/www.lovetoliveibiza.com\\\/wp-content\\\/uploads\\\/2025\\\/02\\\/lovetosell-1.jpg&quot;}],&quot;background_slideshow_loop&quot;:&quot;yes&quot;,&quot;background_slideshow_slide_duration&quot;:5000,&quot;background_slideshow_slide_transition&quot;:&quot;fade&quot;,&quot;background_slideshow_transition_duration&quot;:500}\">\n\t\t\t\t\t\t\t<div class=\"elementor-background-overlay\"><\/div>\n\t\t\t\t\t\t\t<div class=\"elementor-container elementor-column-gap-default\">\n\t\t\t\t\t<div class=\"elementor-column elementor-col-100 elementor-top-column elementor-element elementor-element-b3587ad\" data-id=\"b3587ad\" data-element_type=\"column\" data-e-type=\"column\">\n\t\t\t<div class=\"elementor-widget-wrap elementor-element-populated\">\n\t\t\t\t\t\t<div class=\"elementor-element elementor-element-613c179 elementor-widget elementor-widget-heading\" data-id=\"613c179\" data-element_type=\"widget\" data-e-type=\"widget\" data-widget_type=\"heading.default\">\n\t\t\t\t<div class=\"elementor-widget-container\">\n\t\t\t\t\t<h1 class=\"elementor-heading-title elementor-size-default\">Love to Sell<\/h1>\t\t\t\t<\/div>\n\t\t\t\t<\/div>\n\t\t\t\t<div class=\"elementor-element elementor-element-4b26f61 elementor-widget-divider--view-line elementor-widget elementor-widget-divider\" data-id=\"4b26f61\" data-element_type=\"widget\" data-e-type=\"widget\" data-widget_type=\"divider.default\">\n\t\t\t\t<div class=\"elementor-widget-container\">\n\t\t\t\t\t\t\t<div class=\"elementor-divider\">\n\t\t\t<span class=\"elementor-divider-separator\">\n\t\t\t\t\t\t<\/span>\n\t\t<\/div>\n\t\t\t\t\t\t<\/div>\n\t\t\t\t<\/div>\n\t\t\t\t\t<\/div>\n\t\t<\/div>\n\t\t\t\t\t<\/div>\n\t\t<\/section>\n\t\t\t\t<section class=\"elementor-section elementor-top-section elementor-element elementor-element-9ee1061 elementor-section-boxed elementor-section-height-default elementor-section-height-default\" data-id=\"9ee1061\" data-element_type=\"section\" data-e-type=\"section\">\n\t\t\t\t\t\t<div class=\"elementor-container elementor-column-gap-default\">\n\t\t\t\t\t<div class=\"elementor-column elementor-col-50 elementor-top-column elementor-element elementor-element-34565c5 elementor-invisible\" data-id=\"34565c5\" data-element_type=\"column\" data-e-type=\"column\" data-settings=\"{&quot;animation&quot;:&quot;slideInLeft&quot;}\">\n\t\t\t<div class=\"elementor-widget-wrap elementor-element-populated\">\n\t\t\t\t\t\t<div class=\"elementor-element elementor-element-a6280ab elementor-widget elementor-widget-image\" data-id=\"a6280ab\" data-element_type=\"widget\" data-e-type=\"widget\" data-widget_type=\"image.default\">\n\t\t\t\t<div class=\"elementor-widget-container\">\n\t\t\t\t\t\t\t\t\t\t\t\t\t\t\t<img fetchpriority=\"high\" decoding=\"async\" width=\"738\" height=\"493\" src=\"https:\/\/www.lovetoliveibiza.com\/wp-content\/uploads\/2025\/02\/LOVE-TO-LIVE-IBIZA-082-1024x684.jpg\" class=\"attachment-large size-large wp-image-98144\" alt=\"\" srcset=\"https:\/\/www.lovetoliveibiza.com\/wp-content\/uploads\/2025\/02\/LOVE-TO-LIVE-IBIZA-082-1024x684.jpg 1024w, https:\/\/www.lovetoliveibiza.com\/wp-content\/uploads\/2025\/02\/LOVE-TO-LIVE-IBIZA-082-300x200.jpg 300w, https:\/\/www.lovetoliveibiza.com\/wp-content\/uploads\/2025\/02\/LOVE-TO-LIVE-IBIZA-082-768x513.jpg 768w, https:\/\/www.lovetoliveibiza.com\/wp-content\/uploads\/2025\/02\/LOVE-TO-LIVE-IBIZA-082-150x100.jpg 150w, https:\/\/www.lovetoliveibiza.com\/wp-content\/uploads\/2025\/02\/LOVE-TO-LIVE-IBIZA-082-488x326.jpg 488w, https:\/\/www.lovetoliveibiza.com\/wp-content\/uploads\/2025\/02\/LOVE-TO-LIVE-IBIZA-082.jpg 1280w\" sizes=\"(max-width: 738px) 100vw, 738px\" \/>\t\t\t\t\t\t\t\t\t\t\t\t\t\t\t<\/div>\n\t\t\t\t<\/div>\n\t\t\t\t\t<\/div>\n\t\t<\/div>\n\t\t\t\t<div class=\"elementor-column elementor-col-50 elementor-top-column elementor-element elementor-element-0ba0634 elementor-invisible\" data-id=\"0ba0634\" data-element_type=\"column\" data-e-type=\"column\" data-settings=\"{&quot;animation&quot;:&quot;slideInRight&quot;}\">\n\t\t\t<div class=\"elementor-widget-wrap elementor-element-populated\">\n\t\t\t\t\t\t<div class=\"elementor-element elementor-element-d7cce5f elementor-widget elementor-widget-heading\" data-id=\"d7cce5f\" data-element_type=\"widget\" data-e-type=\"widget\" data-widget_type=\"heading.default\">\n\t\t\t\t<div class=\"elementor-widget-container\">\n\t\t\t\t\t<h1 class=\"elementor-heading-title elementor-size-default\">We Love to help you<\/h1>\t\t\t\t<\/div>\n\t\t\t\t<\/div>\n\t\t\t\t<div class=\"elementor-element elementor-element-558a372 elementor-widget-divider--view-line elementor-widget elementor-widget-divider\" data-id=\"558a372\" data-element_type=\"widget\" data-e-type=\"widget\" data-widget_type=\"divider.default\">\n\t\t\t\t<div class=\"elementor-widget-container\">\n\t\t\t\t\t\t\t<div class=\"elementor-divider\">\n\t\t\t<span class=\"elementor-divider-separator\">\n\t\t\t\t\t\t<\/span>\n\t\t<\/div>\n\t\t\t\t\t\t<\/div>\n\t\t\t\t<\/div>\n\t\t\t\t<div class=\"elementor-element elementor-element-11f77a7 elementor-widget elementor-widget-heading\" data-id=\"11f77a7\" data-element_type=\"widget\" data-e-type=\"widget\" data-widget_type=\"heading.default\">\n\t\t\t\t<div class=\"elementor-widget-container\">\n\t\t\t\t\t<p class=\"elementor-heading-title elementor-size-default\">D\u00e9jese mimar por nuestro equipo y sus 15 a\u00f1os de experiencia en el sector inmobiliario. Hacemos que el proceso de compraventa sea una experiencia libre de estr\u00e9s para usted gracias a nuestros agentes altamente cualificados, arquitectos, abogados y asesores fiscales con competencia internacional.  <br><br>Toda una red de profesionales que se implican en cada transacci\u00f3n para conseguir los resultados deseados. <\/p>\t\t\t\t<\/div>\n\t\t\t\t<\/div>\n\t\t\t\t\t<\/div>\n\t\t<\/div>\n\t\t\t\t\t<\/div>\n\t\t<\/section>\n\t\t\t\t<section class=\"elementor-section elementor-top-section elementor-element elementor-element-c6c1d63 elementor-section-boxed elementor-section-height-default elementor-section-height-default\" data-id=\"c6c1d63\" data-element_type=\"section\" data-e-type=\"section\">\n\t\t\t\t\t\t<div class=\"elementor-container elementor-column-gap-default\">\n\t\t\t\t\t<div class=\"elementor-column elementor-col-50 elementor-top-column elementor-element elementor-element-fd1cee1\" data-id=\"fd1cee1\" data-element_type=\"column\" data-e-type=\"column\">\n\t\t\t<div class=\"elementor-widget-wrap elementor-element-populated\">\n\t\t\t\t\t\t<div class=\"elementor-element elementor-element-6ebf3ac elementor-widget elementor-widget-heading\" data-id=\"6ebf3ac\" data-element_type=\"widget\" data-e-type=\"widget\" data-widget_type=\"heading.default\">\n\t\t\t\t<div class=\"elementor-widget-container\">\n\t\t\t\t\t<h1 class=\"elementor-heading-title elementor-size-default\">Reserva tu cita<\/h1>\t\t\t\t<\/div>\n\t\t\t\t<\/div>\n\t\t\t\t<div class=\"elementor-element elementor-element-0c9c866 elementor-widget-divider--view-line elementor-widget elementor-widget-divider\" data-id=\"0c9c866\" data-element_type=\"widget\" data-e-type=\"widget\" data-widget_type=\"divider.default\">\n\t\t\t\t<div class=\"elementor-widget-container\">\n\t\t\t\t\t\t\t<div class=\"elementor-divider\">\n\t\t\t<span class=\"elementor-divider-separator\">\n\t\t\t\t\t\t<\/span>\n\t\t<\/div>\n\t\t\t\t\t\t<\/div>\n\t\t\t\t<\/div>\n\t\t\t\t<div class=\"elementor-element elementor-element-00f4eb6 elementor-widget elementor-widget-heading\" data-id=\"00f4eb6\" data-element_type=\"widget\" data-e-type=\"widget\" data-widget_type=\"heading.default\">\n\t\t\t\t<div class=\"elementor-widget-container\">\n\t\t\t\t\t<p class=\"elementor-heading-title elementor-size-default\">P\u00f3ngase en contacto con nosotros si est\u00e1 interesado en conocer en detalle los servicios que le ofrecemos a la hora de gestionar un inmueble.<\/p>\t\t\t\t<\/div>\n\t\t\t\t<\/div>\n\t\t\t\t\t<\/div>\n\t\t<\/div>\n\t\t\t\t<div class=\"elementor-column elementor-col-50 elementor-top-column elementor-element elementor-element-392ed20\" data-id=\"392ed20\" data-element_type=\"column\" data-e-type=\"column\">\n\t\t\t<div class=\"elementor-widget-wrap elementor-element-populated\">\n\t\t\t\t\t\t<div class=\"elementor-element elementor-element-cead545 elementor-widget elementor-widget-rhea-inquiry-form\" data-id=\"cead545\" data-element_type=\"widget\" data-e-type=\"widget\" data-widget_type=\"rhea-inquiry-form.default\">\n\t\t\t\t<div class=\"elementor-widget-container\">\n\t\t\t\t\t            <div class=\"rhea-inquiry-form-wrapper rhea-dropdown-style-\">\n                <form class=\"rhea-inquiry-form\" id=\"inquiry_cead545\" action=\"https:\/\/www.lovetoliveibiza.com\/wp-admin\/admin-ajax.php\" method=\"post\">\n                    <div class=\"rhea-inquiry-form-inner\">\n\t\t\t\t\t\t                            <div class=\"rhea-inquiry-field rhea-field-type-name elementor-repeater-item-a7bcb14\">\n\t\t\t\t\t\t\t\t                <input class=\"rhea-inquiry-form-field  required \" name=\"name\" id=\"a7bcb14\" type=\"text\" placeholder=\"Nombre\" data-msg-required=\"Required\">\n\t\t\t\t                            <\/div>\n\t\t\t\t\t\t\t                            <div class=\"rhea-inquiry-field rhea-field-type-email elementor-repeater-item-90683bf\">\n\t\t\t\t\t\t\t\t                <input class=\"rhea-inquiry-form-field  required \" name=\"email\" id=\"90683bf\" type=\"email\" placeholder=\"correo electr\u00f3nico\" data-msg-required=\"Required\">\n\t\t\t\t                            <\/div>\n\t\t\t\t\t\t\t                            <div class=\"rhea-inquiry-field rhea-field-type-number elementor-repeater-item-5ef5d4d\">\n\t\t\t\t\t\t\t\t                <input class=\"rhea-inquiry-form-field  required \" name=\"number\" id=\"5ef5d4d\" type=\"number\" placeholder=\"N\u00famero de m\u00f3vil\" data-msg-required=\"Requisred\">\n\t\t\t\t                            <\/div>\n\t\t\t\t\t\t\t                            <div class=\"rhea-inquiry-field rhea-field-type-country elementor-repeater-item-750d837\">\n\t\t\t\t\t\t\t\t                <input class=\"rhea-inquiry-form-field \" name=\"country\" id=\"750d837\" type=\"text\" placeholder=\"Pa\u00eds\" data-msg-required=\"\">\n\t\t\t\t                            <\/div>\n\t\t\t\t\t\t\t                            <div class=\"rhea-inquiry-field rhea-field-type-message elementor-repeater-item-ef78ad8\">\n\t\t\t\t\t\t\t\t                <textarea class=\"rhea-inquiry-form-field  required \" name=\"message\" id=\"ef78ad8\" placeholder=\"Su mensaje\" cols=\"30\" rows=\"4\" data-msg-required=\"Required\"><\/textarea>\n\t\t\t\t                            <\/div>\n\t\t\t\t\t\t\t                            <div class=\"rhea-inquiry-field rhea-field-type- elementor-repeater-item-35756d5\">\n\t\t\t\t\t\t\t\t                            <\/div>\n\t\t\t\t\t\t\t                        <input type=\"hidden\" name=\"nonce\" value=\"b2318a8410\" \/>\n                        <input type=\"hidden\" name=\"target-email\" value=\"info&#64;lo&#118;&#101;&#116;&#111;&#108;&#105;ve&#105;&#98;&#105;&#122;a.co&#109;\" \/>\n                        <input type=\"hidden\" name=\"target-email-cc\" value=\"&#118;&#97;&#108;&#101;&#110;t&#105;&#110;a&#64;&#108;ovetol&#105;&#118;&#101;&#105;bi&#122;&#97;&#46;&#99;om\" \/>\n                        <input type=\"hidden\" name=\"target-email-bcc\" value=\"\" \/>\n                        <input type=\"hidden\" name=\"the_id\" value=\"42742\" \/>\n                        <input type=\"hidden\" name=\"action\" value=\"rhea_inquiry_send_message\" \/>\n\n\t\t\t\t\t\t                            <div class=\"rhea-inquiry-submit-wrapper submit-button-inline\">\n                                <button class=\"rhea-custom-button default\" type=\"submit\" name=\"submit\" id=\"inquiry-submit-cead545\">\n                                    <span class=\"rhea-inquiry-button-text\">Enviar<\/span>\n                                    <div class=\"rhea-ajax-loader\">\n                                        <span class=\"rhea_loader_box\"><svg xmlns=\"http:\/\/www.w3.org\/2000\/svg\" xmlns:xlink=\"http:\/\/www.w3.org\/1999\/xlink\" width=\"32px\" height=\"32px\" viewBox=\"0 0 128 128\" xml:space=\"preserve\"><rect x=\"0\" y=\"0\" width=\"100%\" height=\"100%\" fill=\"#FFFFFF\" \/><g><path d=\"M75.4 126.63a11.43 11.43 0 0 1-2.1-22.65 40.9 40.9 0 0 0 30.5-30.6 11.4 11.4 0 1 1 22.27 4.87h.02a63.77 63.77 0 0 1-47.8 48.05v-.02a11.38 11.38 0 0 1-2.93.37z\" fill=\"#1ea69a\" fill-opacity=\"1\"\/><animateTransform attributeName=\"transform\" type=\"rotate\" from=\"0 64 64\" to=\"360 64 64\" dur=\"1000ms\" repeatCount=\"indefinite\"><\/animateTransform><\/g><\/svg>\n<\/span>\n                                    <\/div>\n                                <\/button>\n                            <\/div>\n\t\t\t\t\t\t\t                        <div class=\"rhea-inquiry-form-break\"><\/div>\n                        <div class=\"rhea-message-container\"><\/div>\n                        <div class=\"rhea-error-container\"><\/div>\n\t\t\t\t\t\t                    <\/div>\n                <\/form>\n            <\/div>\n\t\t\t                <script type=\"application\/javascript\">\n                    jQuery( document ).on( 'ready', function () {\n                        rheaSelectPicker( \"#inquiry_cead545 select.rhea_multi_select_picker\" );\n                        rheaSubmitContactForm( \"#inquiry_cead545\", \"#inquiry-submit-cead545\" );\n                    } );\n                <\/script>\n\t\t\t\t\t\t\t\t<\/div>\n\t\t\t\t<\/div>\n\t\t\t\t\t<\/div>\n\t\t<\/div>\n\t\t\t\t\t<\/div>\n\t\t<\/section>\n\t\t\t\t<\/div>\n\t\t","protected":false},"excerpt":{"rendered":"<p>Love to Sell We Love to help you D\u00e9jese mimar por nuestro equipo y sus 15 a\u00f1os de experiencia en el sector inmobiliario. Hacemos que el proceso de compraventa sea una experiencia libre de estr\u00e9s para usted gracias a nuestros agentes altamente cualificados, arquitectos, abogados y asesores fiscales con competencia internacional. Toda una red de&#8230;<\/p>\n","protected":false},"author":3,"featured_media":0,"parent":0,"menu_order":0,"comment_status":"closed","ping_status":"closed","template":"elementor_header_footer","meta":{"_eb_attr":"","om_disable_all_campaigns":false,"_monsterinsights_skip_tracking":false,"_monsterinsights_sitenote_active":false,"_monsterinsights_sitenote_note":"","_monsterinsights_sitenote_category":0,"_uf_show_specific_survey":0,"_uf_disable_surveys":false,"footnotes":""},"class_list":["post-42742","page","type-page","status-publish","hentry"],"yoast_head":"<!-- This site is optimized with the Yoast SEO plugin v27.3 - https:\/\/yoast.com\/product\/yoast-seo-wordpress\/ -->\n<title>Love to Sell - Love to Live Ibiza<\/title>\n<meta name=\"description\" content=\"Love to Live Ibiza (antes Real Estate IBZ) naci\u00f3 hace m\u00e1s de diez a\u00f1os de un profundo amor por la isla de Ibiza y de la pasi\u00f3n por el sector inmobiliario. En nuestra agencia garantizamos un apoyo total a lo largo de todo el proceso de compra y venta, proporcionando un servicio completo de 360\u00ba sin estr\u00e9s a nuestros clientes.\" \/>\n<meta name=\"robots\" content=\"index, follow, max-snippet:-1, max-image-preview:large, max-video-preview:-1\" \/>\n<link rel=\"canonical\" href=\"https:\/\/www.lovetoliveibiza.com\/es\/love-to-sell\/\" \/>\n<meta property=\"og:locale\" content=\"es_ES\" \/>\n<meta property=\"og:type\" content=\"article\" \/>\n<meta property=\"og:title\" content=\"Love to Sell - Love to Live Ibiza\" \/>\n<meta property=\"og:description\" content=\"Love to Live Ibiza (antes Real Estate IBZ) naci\u00f3 hace m\u00e1s de diez a\u00f1os de un profundo amor por la isla de Ibiza y de la pasi\u00f3n por el sector inmobiliario. En nuestra agencia garantizamos un apoyo total a lo largo de todo el proceso de compra y venta, proporcionando un servicio completo de 360\u00ba sin estr\u00e9s a nuestros clientes.\" \/>\n<meta property=\"og:url\" content=\"https:\/\/www.lovetoliveibiza.com\/es\/love-to-sell\/\" \/>\n<meta property=\"og:site_name\" content=\"Love to Live Ibiza\" \/>\n<meta property=\"article:publisher\" content=\"https:\/\/www.facebook.com\/lovetoliveibiza\" \/>\n<meta property=\"article:modified_time\" content=\"2025-12-03T13:38:57+00:00\" \/>\n<meta property=\"og:image\" content=\"https:\/\/www.lovetoliveibiza.com\/wp-content\/uploads\/2025\/02\/LOVE-TO-LIVE-IBIZA-082.jpg\" \/>\n\t<meta property=\"og:image:width\" content=\"1280\" \/>\n\t<meta property=\"og:image:height\" content=\"855\" \/>\n\t<meta property=\"og:image:type\" content=\"image\/jpeg\" \/>\n<meta name=\"twitter:card\" content=\"summary_large_image\" \/>\n<meta name=\"twitter:label1\" content=\"Tiempo de lectura\" \/>\n\t<meta name=\"twitter:data1\" content=\"1 minuto\" \/>\n<script type=\"application\/ld+json\" class=\"yoast-schema-graph\">{\"@context\":\"https:\\\/\\\/schema.org\",\"@graph\":[{\"@type\":\"WebPage\",\"@id\":\"https:\\\/\\\/www.lovetoliveibiza.com\\\/es\\\/love-to-sell\\\/\",\"url\":\"https:\\\/\\\/www.lovetoliveibiza.com\\\/es\\\/love-to-sell\\\/\",\"name\":\"Love to Sell - Love to Live Ibiza\",\"isPartOf\":{\"@id\":\"https:\\\/\\\/dev.lovetoliveibiza.com\\\/es\\\/#website\"},\"primaryImageOfPage\":{\"@id\":\"https:\\\/\\\/www.lovetoliveibiza.com\\\/es\\\/love-to-sell\\\/#primaryimage\"},\"image\":{\"@id\":\"https:\\\/\\\/www.lovetoliveibiza.com\\\/es\\\/love-to-sell\\\/#primaryimage\"},\"thumbnailUrl\":\"https:\\\/\\\/www.lovetoliveibiza.com\\\/wp-content\\\/uploads\\\/2025\\\/02\\\/LOVE-TO-LIVE-IBIZA-082-1024x684.jpg\",\"datePublished\":\"2022-10-26T14:34:32+00:00\",\"dateModified\":\"2025-12-03T13:38:57+00:00\",\"description\":\"Love to Live Ibiza (antes Real Estate IBZ) naci\u00f3 hace m\u00e1s de diez a\u00f1os de un profundo amor por la isla de Ibiza y de la pasi\u00f3n por el sector inmobiliario. En nuestra agencia garantizamos un apoyo total a lo largo de todo el proceso de compra y venta, proporcionando un servicio completo de 360\u00ba sin estr\u00e9s a nuestros clientes.\",\"breadcrumb\":{\"@id\":\"https:\\\/\\\/www.lovetoliveibiza.com\\\/es\\\/love-to-sell\\\/#breadcrumb\"},\"inLanguage\":\"es\",\"potentialAction\":[{\"@type\":\"ReadAction\",\"target\":[\"https:\\\/\\\/www.lovetoliveibiza.com\\\/es\\\/love-to-sell\\\/\"]}]},{\"@type\":\"ImageObject\",\"inLanguage\":\"es\",\"@id\":\"https:\\\/\\\/www.lovetoliveibiza.com\\\/es\\\/love-to-sell\\\/#primaryimage\",\"url\":\"https:\\\/\\\/www.lovetoliveibiza.com\\\/wp-content\\\/uploads\\\/2025\\\/02\\\/LOVE-TO-LIVE-IBIZA-082-1024x684.jpg\",\"contentUrl\":\"https:\\\/\\\/www.lovetoliveibiza.com\\\/wp-content\\\/uploads\\\/2025\\\/02\\\/LOVE-TO-LIVE-IBIZA-082-1024x684.jpg\"},{\"@type\":\"BreadcrumbList\",\"@id\":\"https:\\\/\\\/www.lovetoliveibiza.com\\\/es\\\/love-to-sell\\\/#breadcrumb\",\"itemListElement\":[{\"@type\":\"ListItem\",\"position\":1,\"name\":\"Home\",\"item\":\"https:\\\/\\\/www.lovetoliveibiza.com\\\/es\\\/homepage\\\/\"},{\"@type\":\"ListItem\",\"position\":2,\"name\":\"Love to Sell\"}]},{\"@type\":\"WebSite\",\"@id\":\"https:\\\/\\\/dev.lovetoliveibiza.com\\\/es\\\/#website\",\"url\":\"https:\\\/\\\/dev.lovetoliveibiza.com\\\/es\\\/\",\"name\":\"Love to Live Ibiza\",\"description\":\"Live your home. Love your living.\",\"publisher\":{\"@id\":\"https:\\\/\\\/dev.lovetoliveibiza.com\\\/es\\\/#organization\"},\"potentialAction\":[{\"@type\":\"SearchAction\",\"target\":{\"@type\":\"EntryPoint\",\"urlTemplate\":\"https:\\\/\\\/dev.lovetoliveibiza.com\\\/es\\\/?s={search_term_string}\"},\"query-input\":{\"@type\":\"PropertyValueSpecification\",\"valueRequired\":true,\"valueName\":\"search_term_string\"}}],\"inLanguage\":\"es\"},{\"@type\":\"Organization\",\"@id\":\"https:\\\/\\\/dev.lovetoliveibiza.com\\\/es\\\/#organization\",\"name\":\"Love to Live Ibiza\",\"url\":\"https:\\\/\\\/dev.lovetoliveibiza.com\\\/es\\\/\",\"logo\":{\"@type\":\"ImageObject\",\"inLanguage\":\"es\",\"@id\":\"https:\\\/\\\/dev.lovetoliveibiza.com\\\/es\\\/#\\\/schema\\\/logo\\\/image\\\/\",\"url\":\"https:\\\/\\\/www.lovetoliveibiza.com\\\/wp-content\\\/uploads\\\/2025\\\/02\\\/logo-lovetoliveibz-txt-bianco-400px-300x106-1.png\",\"contentUrl\":\"https:\\\/\\\/www.lovetoliveibiza.com\\\/wp-content\\\/uploads\\\/2025\\\/02\\\/logo-lovetoliveibz-txt-bianco-400px-300x106-1.png\",\"width\":300,\"height\":106,\"caption\":\"Love to Live Ibiza\"},\"image\":{\"@id\":\"https:\\\/\\\/dev.lovetoliveibiza.com\\\/es\\\/#\\\/schema\\\/logo\\\/image\\\/\"},\"sameAs\":[\"https:\\\/\\\/www.facebook.com\\\/lovetoliveibiza\",\"https:\\\/\\\/www.instagram.com\\\/lovetoliveibiza\\\/\"]}]}<\/script>\n<!-- \/ Yoast SEO plugin. -->","yoast_head_json":{"title":"Love to Sell - Love to Live Ibiza","description":"Love to Live Ibiza (antes Real Estate IBZ) naci\u00f3 hace m\u00e1s de diez a\u00f1os de un profundo amor por la isla de Ibiza y de la pasi\u00f3n por el sector inmobiliario. En nuestra agencia garantizamos un apoyo total a lo largo de todo el proceso de compra y venta, proporcionando un servicio completo de 360\u00ba sin estr\u00e9s a nuestros clientes.","robots":{"index":"index","follow":"follow","max-snippet":"max-snippet:-1","max-image-preview":"max-image-preview:large","max-video-preview":"max-video-preview:-1"},"canonical":"https:\/\/www.lovetoliveibiza.com\/es\/love-to-sell\/","og_locale":"es_ES","og_type":"article","og_title":"Love to Sell - Love to Live Ibiza","og_description":"Love to Live Ibiza (antes Real Estate IBZ) naci\u00f3 hace m\u00e1s de diez a\u00f1os de un profundo amor por la isla de Ibiza y de la pasi\u00f3n por el sector inmobiliario. En nuestra agencia garantizamos un apoyo total a lo largo de todo el proceso de compra y venta, proporcionando un servicio completo de 360\u00ba sin estr\u00e9s a nuestros clientes.","og_url":"https:\/\/www.lovetoliveibiza.com\/es\/love-to-sell\/","og_site_name":"Love to Live Ibiza","article_publisher":"https:\/\/www.facebook.com\/lovetoliveibiza","article_modified_time":"2025-12-03T13:38:57+00:00","og_image":[{"width":1280,"height":855,"url":"https:\/\/www.lovetoliveibiza.com\/wp-content\/uploads\/2025\/02\/LOVE-TO-LIVE-IBIZA-082.jpg","type":"image\/jpeg"}],"twitter_card":"summary_large_image","twitter_misc":{"Tiempo de lectura":"1 minuto"},"schema":{"@context":"https:\/\/schema.org","@graph":[{"@type":"WebPage","@id":"https:\/\/www.lovetoliveibiza.com\/es\/love-to-sell\/","url":"https:\/\/www.lovetoliveibiza.com\/es\/love-to-sell\/","name":"Love to Sell - Love to Live Ibiza","isPartOf":{"@id":"https:\/\/dev.lovetoliveibiza.com\/es\/#website"},"primaryImageOfPage":{"@id":"https:\/\/www.lovetoliveibiza.com\/es\/love-to-sell\/#primaryimage"},"image":{"@id":"https:\/\/www.lovetoliveibiza.com\/es\/love-to-sell\/#primaryimage"},"thumbnailUrl":"https:\/\/www.lovetoliveibiza.com\/wp-content\/uploads\/2025\/02\/LOVE-TO-LIVE-IBIZA-082-1024x684.jpg","datePublished":"2022-10-26T14:34:32+00:00","dateModified":"2025-12-03T13:38:57+00:00","description":"Love to Live Ibiza (antes Real Estate IBZ) naci\u00f3 hace m\u00e1s de diez a\u00f1os de un profundo amor por la isla de Ibiza y de la pasi\u00f3n por el sector inmobiliario. En nuestra agencia garantizamos un apoyo total a lo largo de todo el proceso de compra y venta, proporcionando un servicio completo de 360\u00ba sin estr\u00e9s a nuestros clientes.","breadcrumb":{"@id":"https:\/\/www.lovetoliveibiza.com\/es\/love-to-sell\/#breadcrumb"},"inLanguage":"es","potentialAction":[{"@type":"ReadAction","target":["https:\/\/www.lovetoliveibiza.com\/es\/love-to-sell\/"]}]},{"@type":"ImageObject","inLanguage":"es","@id":"https:\/\/www.lovetoliveibiza.com\/es\/love-to-sell\/#primaryimage","url":"https:\/\/www.lovetoliveibiza.com\/wp-content\/uploads\/2025\/02\/LOVE-TO-LIVE-IBIZA-082-1024x684.jpg","contentUrl":"https:\/\/www.lovetoliveibiza.com\/wp-content\/uploads\/2025\/02\/LOVE-TO-LIVE-IBIZA-082-1024x684.jpg"},{"@type":"BreadcrumbList","@id":"https:\/\/www.lovetoliveibiza.com\/es\/love-to-sell\/#breadcrumb","itemListElement":[{"@type":"ListItem","position":1,"name":"Home","item":"https:\/\/www.lovetoliveibiza.com\/es\/homepage\/"},{"@type":"ListItem","position":2,"name":"Love to Sell"}]},{"@type":"WebSite","@id":"https:\/\/dev.lovetoliveibiza.com\/es\/#website","url":"https:\/\/dev.lovetoliveibiza.com\/es\/","name":"Love to Live Ibiza","description":"Live your home. Love your living.","publisher":{"@id":"https:\/\/dev.lovetoliveibiza.com\/es\/#organization"},"potentialAction":[{"@type":"SearchAction","target":{"@type":"EntryPoint","urlTemplate":"https:\/\/dev.lovetoliveibiza.com\/es\/?s={search_term_string}"},"query-input":{"@type":"PropertyValueSpecification","valueRequired":true,"valueName":"search_term_string"}}],"inLanguage":"es"},{"@type":"Organization","@id":"https:\/\/dev.lovetoliveibiza.com\/es\/#organization","name":"Love to Live Ibiza","url":"https:\/\/dev.lovetoliveibiza.com\/es\/","logo":{"@type":"ImageObject","inLanguage":"es","@id":"https:\/\/dev.lovetoliveibiza.com\/es\/#\/schema\/logo\/image\/","url":"https:\/\/www.lovetoliveibiza.com\/wp-content\/uploads\/2025\/02\/logo-lovetoliveibz-txt-bianco-400px-300x106-1.png","contentUrl":"https:\/\/www.lovetoliveibiza.com\/wp-content\/uploads\/2025\/02\/logo-lovetoliveibz-txt-bianco-400px-300x106-1.png","width":300,"height":106,"caption":"Love to Live Ibiza"},"image":{"@id":"https:\/\/dev.lovetoliveibiza.com\/es\/#\/schema\/logo\/image\/"},"sameAs":["https:\/\/www.facebook.com\/lovetoliveibiza","https:\/\/www.instagram.com\/lovetoliveibiza\/"]}]}},"_links":{"self":[{"href":"https:\/\/www.lovetoliveibiza.com\/es\/wp-json\/wp\/v2\/pages\/42742","targetHints":{"allow":["GET"]}}],"collection":[{"href":"https:\/\/www.lovetoliveibiza.com\/es\/wp-json\/wp\/v2\/pages"}],"about":[{"href":"https:\/\/www.lovetoliveibiza.com\/es\/wp-json\/wp\/v2\/types\/page"}],"author":[{"embeddable":true,"href":"https:\/\/www.lovetoliveibiza.com\/es\/wp-json\/wp\/v2\/users\/3"}],"replies":[{"embeddable":true,"href":"https:\/\/www.lovetoliveibiza.com\/es\/wp-json\/wp\/v2\/comments?post=42742"}],"version-history":[{"count":10,"href":"https:\/\/www.lovetoliveibiza.com\/es\/wp-json\/wp\/v2\/pages\/42742\/revisions"}],"predecessor-version":[{"id":114676,"href":"https:\/\/www.lovetoliveibiza.com\/es\/wp-json\/wp\/v2\/pages\/42742\/revisions\/114676"}],"wp:attachment":[{"href":"https:\/\/www.lovetoliveibiza.com\/es\/wp-json\/wp\/v2\/media?parent=42742"}],"curies":[{"name":"wp","href":"https:\/\/api.w.org\/{rel}","templated":true}]}}